    {"id":22,"date":"2025-10-13T17:17:34","date_gmt":"2025-10-13T17:17:34","guid":{"rendered":"https:\/\/besmartfinances.com\/?page_id=22"},"modified":"2025-10-13T17:17:34","modified_gmt":"2025-10-13T17:17:34","slug":"about","status":"publish","type":"page","link":"https:\/\/besmartfinances.com\/pl\/about\/","title":{"rendered":"O Be Smart Finances."},"content":{"rendered":"<p><strong>B\u0105d\u017a m\u0105dry w finansach<\/strong> jest Twoim zaufanym towarzyszem w nawigacji po \u015bwiecie <strong>finanse osobiste<\/strong> z jasno\u015bci\u0105, pewno\u015bci\u0105 i kontrol\u0105.<br>Zapewniamy kompleksow\u0105 wiedz\u0119 na temat <strong>zarz\u0105dzanie pieni\u0119dzmi, strategie dotycz\u0105ce kart kredytowych, po\u017cyczki osobiste i mo\u017cliwo\u015bci rozwoju finansowego<\/strong>\u2014wraz z regularnie aktualizowanymi przewodnikami, kt\u00f3re pomog\u0105 Ci podejmowa\u0107 m\u0105drzejsze i bardziej \u015bwiadome decyzje dotycz\u0105ce Twoich finans\u00f3w.<\/p>\n\n\n\n<p>W erze ci\u0105g\u0142ego szumu finansowego i myl\u0105cych porad upraszczamy to, co naprawd\u0119 wa\u017cne. Od zrozumienia <strong>opcje kredytowe<\/strong> do poprawy twojego <strong>nawyki finansowe<\/strong>, <strong>B\u0105d\u017a m\u0105dry w finansach<\/strong> rozk\u0142ada z\u0142o\u017cone zagadnienia finansowe na <strong>jasne, praktyczne i wykonalne wskaz\u00f3wki<\/strong>\u2014dzi\u0119ki czemu mo\u017cesz mie\u0107 pewno\u015b\u0107, \u017ce przejmiesz kontrol\u0119 nad swoj\u0105 finansow\u0105 przysz\u0142o\u015bci\u0105.<\/p>\n\n\n\n<p>Chocia\u017c mo\u017cemy udost\u0119pnia\u0107 informacje o produktach, narz\u0119dziach lub us\u0142ugach finansowych stron trzecich, nale\u017cy pami\u0119ta\u0107, \u017ce <strong>Be Smart Finances nie jest po\u017cyczkodawc\u0105, bankiem ani instytucj\u0105 finansow\u0105<\/strong>, ani nie jeste\u015bmy bezpo\u015brednio powi\u0105zani z \u017cadnym dostawc\u0105 wymienionym na naszej stronie.<br>Nasz\u0105 rol\u0105 jest <strong>edukowa\u0107, informowa\u0107 i wzmacnia\u0107<\/strong>\u2014nie sprzedawa\u0107 i nie promowa\u0107 konkretnych produkt\u00f3w.<\/p>\n\n\n\n<h2 class=\"wp-block-heading\">Nasza misja.<\/h2>\n\n\n\n<p>Nasz\u0105 misj\u0105 jest <strong>wzmacnia\u0107 jednostki<\/strong> podejmowa\u0107 m\u0105drzejsze decyzje finansowe poprzez <strong>przejrzyste, wiarygodne i oparte na badaniach informacje<\/strong>.<br>Niezale\u017cnie od tego, czy pr\u00f3bujesz <strong>popraw sw\u00f3j wynik kredytowy<\/strong>, <strong>por\u00f3wnaj opcje po\u017cyczek<\/strong>, Lub <strong>dowiedz si\u0119, jak odpowiedzialnie korzysta\u0107 z kredytu<\/strong>, <strong>B\u0105d\u017a m\u0105dry w finansach<\/strong> oferuje narz\u0119dzia, strategie i wiedz\u0119, kt\u00f3re pomog\u0105 Ci m\u0105drze planowa\u0107 i osi\u0105gn\u0105\u0107 stabilno\u015b\u0107 finansow\u0105.<\/p>\n\n\n\n<p>Wierzymy, \u017ce ka\u017cdy zas\u0142uguje <strong>dost\u0119p do uczciwej edukacji finansowej<\/strong>\u2014bez ukrytych motyw\u00f3w i nierealnych obietnic.<br>Od zrozumienia st\u00f3p procentowych i op\u0142at po wyb\u00f3r odpowiedniego produktu finansowego odpowiadaj\u0105cego Twoim celom, naszym celem jest <strong>wyja\u015bni\u0107 sytuacj\u0119 finansow\u0105<\/strong> i pomo\u017cemy Ci i\u015b\u0107 naprz\u00f3d z pewno\u015bci\u0105 siebie.<\/p>\n\n\n\n<h2 class=\"wp-block-heading\">Co tu znajdziesz.<\/h2>\n\n\n\n<p>Organizujemy nasz\u0105 tre\u015b\u0107 wok\u00f3\u0142 <strong>rzeczywiste potrzeby codziennych konsument\u00f3w<\/strong>, zapewniaj\u0105c przydatne i przyst\u0119pne wskaz\u00f3wki na ka\u017cdym etapie Twojej podr\u00f3\u017cy finansowej.<\/p>\n\n\n\n<h3 class=\"wp-block-heading\">Karty kredytowe i m\u0105dre wydatki.<\/h3>\n\n\n\n<p>Dowiedz si\u0119, jak wybra\u0107 najlepsz\u0105 kart\u0119 kredytow\u0105 do swojego stylu \u017cycia, odpowiedzialnie zarz\u0105dza\u0107 swoim kredytem i maksymalizowa\u0107 korzy\u015bci, nie popadaj\u0105c w niepotrzebne d\u0142ugi.<\/p>\n\n\n\n<h3 class=\"wp-block-heading\">Po\u017cyczki osobiste i opcje finansowania.<\/h3>\n\n\n\n<p>Dowiedz si\u0119, jak dzia\u0142aj\u0105 po\u017cyczki osobiste, por\u00f3wnaj warunki i odkryj strategie m\u0105drego po\u017cyczania \u2014 zawsze maj\u0105c na uwadze swoj\u0105 kondycj\u0119 finansow\u0105.<\/p>\n\n\n\n<h3 class=\"wp-block-heading\">Bud\u017cetowanie i planowanie finansowe.<\/h3>\n\n\n\n<p>Poznaj proste, ale skuteczne sposoby \u015bledzenia wydatk\u00f3w, gromadzenia oszcz\u0119dno\u015bci i planowania przysz\u0142ych cel\u00f3w, zachowuj\u0105c przy tym zdrow\u0105 r\u00f3wnowag\u0119 finansow\u0105.<\/p>\n\n\n\n<h3 class=\"wp-block-heading\">Budowanie wiarygodno\u015bci kredytowej i edukacja finansowa.<\/h3>\n\n\n\n<p>Uzyskaj porady krok po kroku, jak poprawi\u0107 swoj\u0105 ocen\u0119 kredytow\u0105, unika\u0107 typowych b\u0142\u0119d\u00f3w i opanowa\u0107 podstawy finans\u00f3w osobistych.<\/p>\n\n\n\n<h3 class=\"wp-block-heading\">Uczciwe recenzje i spostrze\u017cenia rynkowe.<\/h3>\n\n\n\n<p>B\u0105d\u017a na bie\u017c\u0105co dzi\u0119ki obiektywnym recenzjom i informacjom opartym na danych, dotycz\u0105cym produkt\u00f3w finansowych dost\u0119pnych w Stanach Zjednoczonych \u2014 bez sponsorowanej stronniczo\u015bci lub wprowadzaj\u0105cych w b\u0142\u0105d twierdze\u0144.<\/p>\n\n\n\n<h2 class=\"wp-block-heading\">Nasze podej\u015bcie.<\/h2>\n\n\n\n<p>Na <strong>B\u0105d\u017a m\u0105dry w finansach<\/strong>dzia\u0142amy niezale\u017cnie i nadal jeste\u015bmy zaanga\u017cowani w <strong>uczciwo\u015b\u0107, dok\u0142adno\u015b\u0107 i przejrzysto\u015b\u0107<\/strong>.<br>Wszystkie nasze tre\u015bci s\u0105 tworzone wewn\u0119trznie i tworzone na podstawie <strong>prawdziwe badania, analizy ekspert\u00f3w i aktualne trendy rynkowe<\/strong>.<br>Nie przyjmujemy p\u0142atno\u015bci za promowanie lub faworyzowanie konkretnych produkt\u00f3w \u2014 naszym jedynym celem jest dostarczanie <strong>uczciwe, wiarygodne informacje<\/strong> mo\u017cesz zaufa\u0107.<\/p>\n\n\n\n<p>Wierzymy, \u017ce edukacja finansowa powinna by\u0107 <strong>dost\u0119pne dla ka\u017cdego<\/strong>niezale\u017cnie od tego, czy dopiero zaczynasz swoj\u0105 przygod\u0119 z finansami, czy poszukujesz zaawansowanych strategii optymalizacji zarz\u0105dzania pieni\u0119dzmi.<\/p>\n\n\n\n<p><strong>B\u0105d\u017a m\u0105dry w finansach<\/strong> istnieje po to, aby informowa\u0107, a nie przyt\u0142acza\u0107.<br>Naszym celem jest pom\u00f3c Ci dokona\u0107 <strong>pewne i \u015bwiadome wybory finansowe<\/strong>, zapewniaj\u0105c Ci narz\u0119dzia i wiedz\u0119 potrzebn\u0105 do zbudowania <strong>silniejsza, m\u0105drzejsza i bezpieczniejsza przysz\u0142o\u015b\u0107 finansowa<\/strong>.<\/p>","protected":false},"excerpt":{"rendered":"<p>Be Smart Finances is your trusted companion for navigating the world of personal finance with clarity, confidence, and control.We provide comprehensive insights on money management, credit card strategies, personal loans, and financial growth opportunities\u2014alongside regularly updated guides designed to help you make smarter, well-informed decisions about your finances. In an era of constant financial noise [&hellip;]<\/p>","protected":false},"author":6,"featured_media":0,"parent":0,"menu_order":0,"comment_status":"closed","ping_status":"closed","template":"","meta":{"footnotes":""},"yoast_head":"<!-- This site is optimized with the Yoast SEO plugin v23.3 - https:\/\/yoast.com\/wordpress\/plugins\/seo\/ -->\n<title>About Be Smart Finances. - Be Smart Finances<\/title>\n<meta name=\"robots\" content=\"index, follow, max-snippet:-1, max-image-preview:large, max-video-preview:-1\" \/>\n<link rel=\"canonical\" href=\"https:\/\/besmartfinances.com\/pl\/about\/\" \/>\n<meta property=\"og:locale\" content=\"pl_PL\" \/>\n<meta property=\"og:type\" content=\"article\" \/>\n<meta property=\"og:title\" content=\"About Be Smart Finances. - Be Smart Finances\" \/>\n<meta property=\"og:description\" content=\"Be Smart Finances is your trusted companion for navigating the world of personal finance with clarity, confidence, and control.We provide comprehensive insights on money management, credit card strategies, personal loans, and financial growth opportunities\u2014alongside regularly updated guides designed to help you make smarter, well-informed decisions about your finances. In an era of constant financial noise [&hellip;]\" \/>\n<meta property=\"og:url\" content=\"https:\/\/besmartfinances.com\/pl\/about\/\" \/>\n<meta property=\"og:site_name\" content=\"Be Smart Finances\" \/>\n<meta name=\"twitter:card\" content=\"summary_large_image\" \/>\n<meta name=\"twitter:label1\" content=\"Est. reading time\" \/>\n\t<meta name=\"twitter:data1\" content=\"3 minuty\" \/>\n<script type=\"application\/ld+json\" class=\"yoast-schema-graph\">{\"@context\":\"https:\/\/schema.org\",\"@graph\":[{\"@type\":\"WebPage\",\"@id\":\"https:\/\/besmartfinances.com\/about\/\",\"url\":\"https:\/\/besmartfinances.com\/about\/\",\"name\":\"About Be Smart Finances. - Be Smart Finances\",\"isPartOf\":{\"@id\":\"https:\/\/besmartfinances.com\/#website\"},\"datePublished\":\"2025-10-13T17:17:34+00:00\",\"dateModified\":\"2025-10-13T17:17:34+00:00\",\"breadcrumb\":{\"@id\":\"https:\/\/besmartfinances.com\/about\/#breadcrumb\"},\"inLanguage\":\"pl-PL\",\"potentialAction\":[{\"@type\":\"ReadAction\",\"target\":[\"https:\/\/besmartfinances.com\/about\/\"]}]},{\"@type\":\"BreadcrumbList\",\"@id\":\"https:\/\/besmartfinances.com\/about\/#breadcrumb\",\"itemListElement\":[{\"@type\":\"ListItem\",\"position\":1,\"name\":\"Home\",\"item\":\"https:\/\/besmartfinances.com\/\"},{\"@type\":\"ListItem\",\"position\":2,\"name\":\"About Be Smart Finances.\"}]},{\"@type\":\"WebSite\",\"@id\":\"https:\/\/besmartfinances.com\/#website\",\"url\":\"https:\/\/besmartfinances.com\/\",\"name\":\"Be Smart Finances\",\"description\":\"\",\"publisher\":{\"@id\":\"https:\/\/besmartfinances.com\/#organization\"},\"potentialAction\":[{\"@type\":\"SearchAction\",\"target\":{\"@type\":\"EntryPoint\",\"urlTemplate\":\"https:\/\/besmartfinances.com\/?s={search_term_string}\"},\"query-input\":\"required name=search_term_string\"}],\"inLanguage\":\"pl-PL\"},{\"@type\":\"Organization\",\"@id\":\"https:\/\/besmartfinances.com\/#organization\",\"name\":\"Be Smart Finances\",\"url\":\"https:\/\/besmartfinances.com\/\",\"logo\":{\"@type\":\"ImageObject\",\"inLanguage\":\"pl-PL\",\"@id\":\"https:\/\/besmartfinances.com\/#\/schema\/logo\/image\/\",\"url\":\"https:\/\/besmartfinances.com\/wp-content\/uploads\/sites\/581\/2025\/10\/cropped-be-smart-finances.png\",\"contentUrl\":\"https:\/\/besmartfinances.com\/wp-content\/uploads\/sites\/581\/2025\/10\/cropped-be-smart-finances.png\",\"width\":1024,\"height\":1024,\"caption\":\"Be Smart Finances\"},\"image\":{\"@id\":\"https:\/\/besmartfinances.com\/#\/schema\/logo\/image\/\"}}]}<\/script>\n<!-- \/ Yoast SEO plugin. -->","yoast_head_json":{"title":"About Be Smart Finances. - Be Smart Finances","robots":{"index":"index","follow":"follow","max-snippet":"max-snippet:-1","max-image-preview":"max-image-preview:large","max-video-preview":"max-video-preview:-1"},"canonical":"https:\/\/besmartfinances.com\/pl\/about\/","og_locale":"pl_PL","og_type":"article","og_title":"About Be Smart Finances. - Be Smart Finances","og_description":"Be Smart Finances is your trusted companion for navigating the world of personal finance with clarity, confidence, and control.We provide comprehensive insights on money management, credit card strategies, personal loans, and financial growth opportunities\u2014alongside regularly updated guides designed to help you make smarter, well-informed decisions about your finances. In an era of constant financial noise [&hellip;]","og_url":"https:\/\/besmartfinances.com\/pl\/about\/","og_site_name":"Be Smart Finances","twitter_card":"summary_large_image","twitter_misc":{"Est. reading time":"3 minuty"},"schema":{"@context":"https:\/\/schema.org","@graph":[{"@type":"WebPage","@id":"https:\/\/besmartfinances.com\/about\/","url":"https:\/\/besmartfinances.com\/about\/","name":"About Be Smart Finances. - Be Smart Finances","isPartOf":{"@id":"https:\/\/besmartfinances.com\/#website"},"datePublished":"2025-10-13T17:17:34+00:00","dateModified":"2025-10-13T17:17:34+00:00","breadcrumb":{"@id":"https:\/\/besmartfinances.com\/about\/#breadcrumb"},"inLanguage":"pl-PL","potentialAction":[{"@type":"ReadAction","target":["https:\/\/besmartfinances.com\/about\/"]}]},{"@type":"BreadcrumbList","@id":"https:\/\/besmartfinances.com\/about\/#breadcrumb","itemListElement":[{"@type":"ListItem","position":1,"name":"Home","item":"https:\/\/besmartfinances.com\/"},{"@type":"ListItem","position":2,"name":"About Be Smart Finances."}]},{"@type":"WebSite","@id":"https:\/\/besmartfinances.com\/#website","url":"https:\/\/besmartfinances.com\/","name":"Be Smart Finances","description":"","publisher":{"@id":"https:\/\/besmartfinances.com\/#organization"},"potentialAction":[{"@type":"SearchAction","target":{"@type":"EntryPoint","urlTemplate":"https:\/\/besmartfinances.com\/?s={search_term_string}"},"query-input":"required name=search_term_string"}],"inLanguage":"pl-PL"},{"@type":"Organization","@id":"https:\/\/besmartfinances.com\/#organization","name":"Be Smart Finances","url":"https:\/\/besmartfinances.com\/","logo":{"@type":"ImageObject","inLanguage":"pl-PL","@id":"https:\/\/besmartfinances.com\/#\/schema\/logo\/image\/","url":"https:\/\/besmartfinances.com\/wp-content\/uploads\/sites\/581\/2025\/10\/cropped-be-smart-finances.png","contentUrl":"https:\/\/besmartfinances.com\/wp-content\/uploads\/sites\/581\/2025\/10\/cropped-be-smart-finances.png","width":1024,"height":1024,"caption":"Be Smart Finances"},"image":{"@id":"https:\/\/besmartfinances.com\/#\/schema\/logo\/image\/"}}]}},"_links":{"self":[{"href":"https:\/\/besmartfinances.com\/pl\/wp-json\/wp\/v2\/pages\/22"}],"collection":[{"href":"https:\/\/besmartfinances.com\/pl\/wp-json\/wp\/v2\/pages"}],"about":[{"href":"https:\/\/besmartfinances.com\/pl\/wp-json\/wp\/v2\/types\/page"}],"author":[{"embeddable":true,"href":"https:\/\/besmartfinances.com\/pl\/wp-json\/wp\/v2\/users\/6"}],"replies":[{"embeddable":true,"href":"https:\/\/besmartfinances.com\/pl\/wp-json\/wp\/v2\/comments?post=22"}],"version-history":[{"count":1,"href":"https:\/\/besmartfinances.com\/pl\/wp-json\/wp\/v2\/pages\/22\/revisions"}],"predecessor-version":[{"id":23,"href":"https:\/\/besmartfinances.com\/pl\/wp-json\/wp\/v2\/pages\/22\/revisions\/23"}],"wp:attachment":[{"href":"https:\/\/besmartfinances.com\/pl\/wp-json\/wp\/v2\/media?parent=22"}],"curies":[{"name":"wp","href":"https:\/\/api.w.org\/{rel}","templated":true}]}}